{"id":259,"date":"2026-02-08T18:29:11","date_gmt":"2026-02-08T18:29:11","guid":{"rendered":"https:\/\/n3ssproject.estaciondiseno.es\/?page_id=259"},"modified":"2026-02-08T18:38:01","modified_gmt":"2026-02-08T18:38:01","slug":"sobre-mi","status":"publish","type":"page","link":"https:\/\/n3ssproject.estaciondiseno.es\/index.php\/sobre-mi\/","title":{"rendered":"Sobre m\u00ed"},"content":{"rendered":"\t\t<div data-elementor-type=\"wp-page\" data-elementor-id=\"259\" class=\"elementor elementor-259\" data-elementor-post-type=\"page\">\n\t\t\t\t<div class=\"elementor-element elementor-element-e1e2970 e-flex e-con-boxed e-con e-parent\" data-id=\"e1e2970\" data-element_type=\"container\">\n\t\t\t\t\t<div class=\"e-con-inner\">\n\t\t\t\t<div class=\"elementor-element elementor-element-412af6a elementor-widget elementor-widget-image\" data-id=\"412af6a\" data-element_type=\"widget\" data-widget_type=\"image.default\">\n\t\t\t\t\t\t\t\t\t\t\t\t\t\t\t<img fetchpriority=\"high\" decoding=\"async\" width=\"1024\" height=\"600\" src=\"https:\/\/n3ssproject.estaciondiseno.es\/wp-content\/uploads\/2026\/02\/IMG_1629-1024x600.png\" class=\"attachment-large size-large wp-image-341\" alt=\"\" srcset=\"https:\/\/n3ssproject.estaciondiseno.es\/wp-content\/uploads\/2026\/02\/IMG_1629-1024x600.png 1024w, https:\/\/n3ssproject.estaciondiseno.es\/wp-content\/uploads\/2026\/02\/IMG_1629-300x176.png 300w, https:\/\/n3ssproject.estaciondiseno.es\/wp-content\/uploads\/2026\/02\/IMG_1629-768x450.png 768w, https:\/\/n3ssproject.estaciondiseno.es\/wp-content\/uploads\/2026\/02\/IMG_1629-1536x900.png 1536w, https:\/\/n3ssproject.estaciondiseno.es\/wp-content\/uploads\/2026\/02\/IMG_1629.png 1838w\" sizes=\"(max-width: 1024px) 100vw, 1024px\" \/>\t\t\t\t\t\t\t\t\t\t\t\t\t\t\t<\/div>\n\t\t\t\t\t<\/div>\n\t\t\t\t<\/div>\n\t\t<div class=\"elementor-element elementor-element-792a852 e-flex e-con-boxed e-con e-parent\" data-id=\"792a852\" data-element_type=\"container\">\n\t\t\t\t\t<div class=\"e-con-inner\">\n\t\t\t\t<div class=\"elementor-element elementor-element-151d20f elementor-widget elementor-widget-heading\" data-id=\"151d20f\" data-element_type=\"widget\" data-widget_type=\"heading.default\">\n\t\t\t\t\t<h2 class=\"elementor-heading-title elementor-size-default\">M4NU RIVERA<\/h2>\t\t\t\t<\/div>\n\t\t\t\t\t<\/div>\n\t\t\t\t<\/div>\n\t\t<div class=\"elementor-element elementor-element-b606bc6 e-flex e-con-boxed e-con e-parent\" data-id=\"b606bc6\" data-element_type=\"container\">\n\t\t\t\t\t<div class=\"e-con-inner\">\n\t\t\t\t<div class=\"elementor-element elementor-element-94826a9 elementor-widget elementor-widget-heading\" data-id=\"94826a9\" data-element_type=\"widget\" data-widget_type=\"heading.default\">\n\t\t\t\t\t<h2 class=\"elementor-heading-title elementor-size-default\">Tambi\u00e9n conocido como Manu P\u00e9rez Rivera, dise\u00f1ador de moda, especializado en estilismo, direcci\u00f3n creativa e ilustraci\u00f3n. \nCon estudios previos en arte y un t\u00edtulo universitario en dise\u00f1o de moda.\nMe apasiona la creaci\u00f3n conceptos visuales creativos y extravagantes, crear proyectos fuera de lo com\u00fan en el \u00e1mbito est\u00e9tico, y plasmar ideas y sentimientos de forma gr\u00e1fica y conceptual en lo que hago.\nHasta ahora he participado en pasarelas con mis propios dise\u00f1os, realizado un fashion film de moda, adem\u00e1s de haber dirigido mis propias editoriales de moda, realizando los estilismos y fotograf\u00edas.<\/h2>\t\t\t\t<\/div>\n\t\t\t\t\t<\/div>\n\t\t\t\t<\/div>\n\t\t\t\t<\/div>\n\t\t","protected":false},"excerpt":{"rendered":"<p>M4NU RIVERA Tambi\u00e9n conocido como Manu P\u00e9rez Rivera, dise\u00f1ador de moda, especializado en [&hellip;]<\/p>\n","protected":false},"author":1,"featured_media":0,"parent":0,"menu_order":0,"comment_status":"closed","ping_status":"closed","template":"","meta":{"footnotes":""},"class_list":["post-259","page","type-page","status-publish","hentry"],"yoast_head":"<!-- This site is optimized with the Yoast SEO plugin v26.4 - https:\/\/yoast.com\/wordpress\/plugins\/seo\/ -->\n<title>Sobre m\u00ed - portfolio<\/title>\n<meta name=\"robots\" content=\"index, follow, max-snippet:-1, max-image-preview:large, max-video-preview:-1\" \/>\n<link rel=\"canonical\" href=\"https:\/\/n3ssproject.estaciondiseno.es\/index.php\/sobre-mi\/\" \/>\n<meta property=\"og:locale\" content=\"es_ES\" \/>\n<meta property=\"og:type\" content=\"article\" \/>\n<meta property=\"og:title\" content=\"Sobre m\u00ed - portfolio\" \/>\n<meta property=\"og:description\" content=\"M4NU RIVERA Tambi\u00e9n conocido como Manu P\u00e9rez Rivera, dise\u00f1ador de moda, especializado en [&hellip;]\" \/>\n<meta property=\"og:url\" content=\"https:\/\/n3ssproject.estaciondiseno.es\/index.php\/sobre-mi\/\" \/>\n<meta property=\"og:site_name\" content=\"portfolio\" \/>\n<meta property=\"article:modified_time\" content=\"2026-02-08T18:38:01+00:00\" \/>\n<meta property=\"og:image\" content=\"https:\/\/n3ssproject.estaciondiseno.es\/wp-content\/uploads\/2026\/02\/IMG_1629.png\" \/>\n\t<meta property=\"og:image:width\" content=\"1838\" \/>\n\t<meta property=\"og:image:height\" content=\"1077\" \/>\n\t<meta property=\"og:image:type\" content=\"image\/png\" \/>\n<meta name=\"twitter:card\" content=\"summary_large_image\" \/>\n<script type=\"application\/ld+json\" class=\"yoast-schema-graph\">{\"@context\":\"https:\/\/schema.org\",\"@graph\":[{\"@type\":\"WebPage\",\"@id\":\"https:\/\/n3ssproject.estaciondiseno.es\/index.php\/sobre-mi\/\",\"url\":\"https:\/\/n3ssproject.estaciondiseno.es\/index.php\/sobre-mi\/\",\"name\":\"Sobre m\u00ed - portfolio\",\"isPartOf\":{\"@id\":\"https:\/\/n3ssproject.estaciondiseno.es\/#website\"},\"primaryImageOfPage\":{\"@id\":\"https:\/\/n3ssproject.estaciondiseno.es\/index.php\/sobre-mi\/#primaryimage\"},\"image\":{\"@id\":\"https:\/\/n3ssproject.estaciondiseno.es\/index.php\/sobre-mi\/#primaryimage\"},\"thumbnailUrl\":\"https:\/\/n3ssproject.estaciondiseno.es\/wp-content\/uploads\/2026\/02\/IMG_1629-1024x600.png\",\"datePublished\":\"2026-02-08T18:29:11+00:00\",\"dateModified\":\"2026-02-08T18:38:01+00:00\",\"breadcrumb\":{\"@id\":\"https:\/\/n3ssproject.estaciondiseno.es\/index.php\/sobre-mi\/#breadcrumb\"},\"inLanguage\":\"es\",\"potentialAction\":[{\"@type\":\"ReadAction\",\"target\":[\"https:\/\/n3ssproject.estaciondiseno.es\/index.php\/sobre-mi\/\"]}]},{\"@type\":\"ImageObject\",\"inLanguage\":\"es\",\"@id\":\"https:\/\/n3ssproject.estaciondiseno.es\/index.php\/sobre-mi\/#primaryimage\",\"url\":\"https:\/\/n3ssproject.estaciondiseno.es\/wp-content\/uploads\/2026\/02\/IMG_1629.png\",\"contentUrl\":\"https:\/\/n3ssproject.estaciondiseno.es\/wp-content\/uploads\/2026\/02\/IMG_1629.png\",\"width\":1838,\"height\":1077},{\"@type\":\"BreadcrumbList\",\"@id\":\"https:\/\/n3ssproject.estaciondiseno.es\/index.php\/sobre-mi\/#breadcrumb\",\"itemListElement\":[{\"@type\":\"ListItem\",\"position\":1,\"name\":\"Portada\",\"item\":\"https:\/\/n3ssproject.estaciondiseno.es\/\"},{\"@type\":\"ListItem\",\"position\":2,\"name\":\"Sobre m\u00ed\"}]},{\"@type\":\"WebSite\",\"@id\":\"https:\/\/n3ssproject.estaciondiseno.es\/#website\",\"url\":\"https:\/\/n3ssproject.estaciondiseno.es\/\",\"name\":\"portfolio\",\"description\":\"\",\"publisher\":{\"@id\":\"https:\/\/n3ssproject.estaciondiseno.es\/#organization\"},\"potentialAction\":[{\"@type\":\"SearchAction\",\"target\":{\"@type\":\"EntryPoint\",\"urlTemplate\":\"https:\/\/n3ssproject.estaciondiseno.es\/?s={search_term_string}\"},\"query-input\":{\"@type\":\"PropertyValueSpecification\",\"valueRequired\":true,\"valueName\":\"search_term_string\"}}],\"inLanguage\":\"es\"},{\"@type\":\"Organization\",\"@id\":\"https:\/\/n3ssproject.estaciondiseno.es\/#organization\",\"name\":\"portfolio\",\"url\":\"https:\/\/n3ssproject.estaciondiseno.es\/\",\"logo\":{\"@type\":\"ImageObject\",\"inLanguage\":\"es\",\"@id\":\"https:\/\/n3ssproject.estaciondiseno.es\/#\/schema\/logo\/image\/\",\"url\":\"https:\/\/n3ssproject.estaciondiseno.es\/wp-content\/uploads\/2025\/12\/cropped-IMG_0589.png\",\"contentUrl\":\"https:\/\/n3ssproject.estaciondiseno.es\/wp-content\/uploads\/2025\/12\/cropped-IMG_0589.png\",\"width\":2047,\"height\":2047,\"caption\":\"portfolio\"},\"image\":{\"@id\":\"https:\/\/n3ssproject.estaciondiseno.es\/#\/schema\/logo\/image\/\"}}]}<\/script>\n<!-- \/ Yoast SEO plugin. -->","yoast_head_json":{"title":"Sobre m\u00ed - portfolio","robots":{"index":"index","follow":"follow","max-snippet":"max-snippet:-1","max-image-preview":"max-image-preview:large","max-video-preview":"max-video-preview:-1"},"canonical":"https:\/\/n3ssproject.estaciondiseno.es\/index.php\/sobre-mi\/","og_locale":"es_ES","og_type":"article","og_title":"Sobre m\u00ed - portfolio","og_description":"M4NU RIVERA Tambi\u00e9n conocido como Manu P\u00e9rez Rivera, dise\u00f1ador de moda, especializado en [&hellip;]","og_url":"https:\/\/n3ssproject.estaciondiseno.es\/index.php\/sobre-mi\/","og_site_name":"portfolio","article_modified_time":"2026-02-08T18:38:01+00:00","og_image":[{"width":1838,"height":1077,"url":"https:\/\/n3ssproject.estaciondiseno.es\/wp-content\/uploads\/2026\/02\/IMG_1629.png","type":"image\/png"}],"twitter_card":"summary_large_image","schema":{"@context":"https:\/\/schema.org","@graph":[{"@type":"WebPage","@id":"https:\/\/n3ssproject.estaciondiseno.es\/index.php\/sobre-mi\/","url":"https:\/\/n3ssproject.estaciondiseno.es\/index.php\/sobre-mi\/","name":"Sobre m\u00ed - portfolio","isPartOf":{"@id":"https:\/\/n3ssproject.estaciondiseno.es\/#website"},"primaryImageOfPage":{"@id":"https:\/\/n3ssproject.estaciondiseno.es\/index.php\/sobre-mi\/#primaryimage"},"image":{"@id":"https:\/\/n3ssproject.estaciondiseno.es\/index.php\/sobre-mi\/#primaryimage"},"thumbnailUrl":"https:\/\/n3ssproject.estaciondiseno.es\/wp-content\/uploads\/2026\/02\/IMG_1629-1024x600.png","datePublished":"2026-02-08T18:29:11+00:00","dateModified":"2026-02-08T18:38:01+00:00","breadcrumb":{"@id":"https:\/\/n3ssproject.estaciondiseno.es\/index.php\/sobre-mi\/#breadcrumb"},"inLanguage":"es","potentialAction":[{"@type":"ReadAction","target":["https:\/\/n3ssproject.estaciondiseno.es\/index.php\/sobre-mi\/"]}]},{"@type":"ImageObject","inLanguage":"es","@id":"https:\/\/n3ssproject.estaciondiseno.es\/index.php\/sobre-mi\/#primaryimage","url":"https:\/\/n3ssproject.estaciondiseno.es\/wp-content\/uploads\/2026\/02\/IMG_1629.png","contentUrl":"https:\/\/n3ssproject.estaciondiseno.es\/wp-content\/uploads\/2026\/02\/IMG_1629.png","width":1838,"height":1077},{"@type":"BreadcrumbList","@id":"https:\/\/n3ssproject.estaciondiseno.es\/index.php\/sobre-mi\/#breadcrumb","itemListElement":[{"@type":"ListItem","position":1,"name":"Portada","item":"https:\/\/n3ssproject.estaciondiseno.es\/"},{"@type":"ListItem","position":2,"name":"Sobre m\u00ed"}]},{"@type":"WebSite","@id":"https:\/\/n3ssproject.estaciondiseno.es\/#website","url":"https:\/\/n3ssproject.estaciondiseno.es\/","name":"portfolio","description":"","publisher":{"@id":"https:\/\/n3ssproject.estaciondiseno.es\/#organization"},"potentialAction":[{"@type":"SearchAction","target":{"@type":"EntryPoint","urlTemplate":"https:\/\/n3ssproject.estaciondiseno.es\/?s={search_term_string}"},"query-input":{"@type":"PropertyValueSpecification","valueRequired":true,"valueName":"search_term_string"}}],"inLanguage":"es"},{"@type":"Organization","@id":"https:\/\/n3ssproject.estaciondiseno.es\/#organization","name":"portfolio","url":"https:\/\/n3ssproject.estaciondiseno.es\/","logo":{"@type":"ImageObject","inLanguage":"es","@id":"https:\/\/n3ssproject.estaciondiseno.es\/#\/schema\/logo\/image\/","url":"https:\/\/n3ssproject.estaciondiseno.es\/wp-content\/uploads\/2025\/12\/cropped-IMG_0589.png","contentUrl":"https:\/\/n3ssproject.estaciondiseno.es\/wp-content\/uploads\/2025\/12\/cropped-IMG_0589.png","width":2047,"height":2047,"caption":"portfolio"},"image":{"@id":"https:\/\/n3ssproject.estaciondiseno.es\/#\/schema\/logo\/image\/"}}]}},"_links":{"self":[{"href":"https:\/\/n3ssproject.estaciondiseno.es\/index.php\/wp-json\/wp\/v2\/pages\/259","targetHints":{"allow":["GET"]}}],"collection":[{"href":"https:\/\/n3ssproject.estaciondiseno.es\/index.php\/wp-json\/wp\/v2\/pages"}],"about":[{"href":"https:\/\/n3ssproject.estaciondiseno.es\/index.php\/wp-json\/wp\/v2\/types\/page"}],"author":[{"embeddable":true,"href":"https:\/\/n3ssproject.estaciondiseno.es\/index.php\/wp-json\/wp\/v2\/users\/1"}],"replies":[{"embeddable":true,"href":"https:\/\/n3ssproject.estaciondiseno.es\/index.php\/wp-json\/wp\/v2\/comments?post=259"}],"version-history":[{"count":7,"href":"https:\/\/n3ssproject.estaciondiseno.es\/index.php\/wp-json\/wp\/v2\/pages\/259\/revisions"}],"predecessor-version":[{"id":347,"href":"https:\/\/n3ssproject.estaciondiseno.es\/index.php\/wp-json\/wp\/v2\/pages\/259\/revisions\/347"}],"wp:attachment":[{"href":"https:\/\/n3ssproject.estaciondiseno.es\/index.php\/wp-json\/wp\/v2\/media?parent=259"}],"curies":[{"name":"wp","href":"https:\/\/api.w.org\/{rel}","templated":true}]}}